{"id":816,"date":"2023-09-28T16:36:23","date_gmt":"2023-09-28T16:36:23","guid":{"rendered":"https:\/\/manuelenriquebalon.es\/?page_id=816"},"modified":"2024-07-29T22:54:49","modified_gmt":"2024-07-29T22:54:49","slug":"alba","status":"publish","type":"page","link":"https:\/\/manuelenriquebalon.es\/index.php\/alba\/","title":{"rendered":"ALBA"},"content":{"rendered":"\n<p>El blanco como concepto<\/p>\n\n\n\n<figure class=\"wp-block-image size-large\"><img loading=\"lazy\" decoding=\"async\" width=\"878\" height=\"1024\" src=\"https:\/\/manuelenriquebalon.es\/wp-content\/uploads\/2023\/09\/IMG-20230924-WA0003-878x1024.jpg\" alt=\"\" class=\"wp-image-815\" srcset=\"https:\/\/manuelenriquebalon.es\/wp-content\/uploads\/2023\/09\/IMG-20230924-WA0003-878x1024.jpg 878w, https:\/\/manuelenriquebalon.es\/wp-content\/uploads\/2023\/09\/IMG-20230924-WA0003-257x300.jpg 257w, https:\/\/manuelenriquebalon.es\/wp-content\/uploads\/2023\/09\/IMG-20230924-WA0003-768x896.jpg 768w, https:\/\/manuelenriquebalon.es\/wp-content\/uploads\/2023\/09\/IMG-20230924-WA0003-1317x1536.jpg 1317w, https:\/\/manuelenriquebalon.es\/wp-content\/uploads\/2023\/09\/IMG-20230924-WA0003-1320x1539.jpg 1320w, https:\/\/manuelenriquebalon.es\/wp-content\/uploads\/2023\/09\/IMG-20230924-WA0003.jpg 1372w\" sizes=\"(max-width: 706px) 89vw, (max-width: 767px) 82vw, 740px\" \/><figcaption class=\"wp-element-caption\">La exposici\u00f3n de Manuel Enrique Bal\u00f3n Villar se centra en el blanco. La ausencia de color o la uni\u00f3n de todos ellos. El blanco que da nombre a la iglesia en la que se ubica; blanco de pureza y de paz; tambi\u00e9n blanco de nada y de olvido, tal vez de memoria. Y como en la iglesia, blanco hecho de capas y transparencias, de sucesivas escrituras que acaban saliendo a la superficie. Una capa m\u00e1s sobre el palimpsesto; sobre la mezquita, sobre la sinagoga y sobre la plenitud barroca.<br>&nbsp;&nbsp;&nbsp;&nbsp;&nbsp;&nbsp;&nbsp;&nbsp;&nbsp;&nbsp;&nbsp;&nbsp;&nbsp;&nbsp;&nbsp; Las obras se insertan dentro de esta uni\u00f3n de \u00e9pocas, estilos, siempre enmarcadas por la espiritualidad y la uni\u00f3n con el pasado; una reinterpretaci\u00f3n personal de&nbsp; s\u00edmbolos y signos nuevos que buscan integrarse entre aquellos ancestrales de la hist\u00f3rica iglesia.<br>Un trampantojo audiovisual gu\u00eda la mirada del visitante hacia el coraz\u00f3n, tanto literal como metaf\u00f3rico, de la propuesta art\u00edstica, reinterpretando los ejes espirituales de los lugares sagrados (templos) de las tres religiones que han convivido sucesivamente en el espacio&nbsp;expositivo.<br>&nbsp;&nbsp;&nbsp;&nbsp;&nbsp;&nbsp;&nbsp;&nbsp;&nbsp;&nbsp;&nbsp;&nbsp;&nbsp;&nbsp;&nbsp; Cada pieza se configura a trav\u00e9s de una superposici\u00f3n de veladuras, a veces con delgadas capas de pintura, a veces con papeles trasl\u00facidos entre los que asoma, transfigurado, lo real. Se tapan, se muestran y en muchas ocasiones se ensalzan formas o figuras que van apareciendo o escondi\u00e9ndose a los ojos del espectador. Unas formas que se adentran en lo profundo de nuestra cultura, de nuestros recuerdos para que cada uno sienta la obra desde su pasado, desde su mirada o, por qu\u00e9 no, desde su propia espiritualidad.<\/figcaption><\/figure>\n\n\n\n<p>&nbsp;Carmen&nbsp;Ruiz&nbsp;G\u00e1lvez&nbsp;&nbsp;<\/p>\n\n\n\n<figure class=\"wp-block-image size-full\"><img loading=\"lazy\" decoding=\"async\" width=\"250\" height=\"79\" src=\"https:\/\/manuelenriquebalon.es\/wp-content\/uploads\/2023\/09\/image.png\" alt=\"\" class=\"wp-image-817\"\/><\/figure>\n\n\n\n<figure class=\"wp-block-video\"><video autoplay controls loop poster=\"https:\/\/manuelenriquebalon.es\/wp-content\/uploads\/2023\/09\/VID-20230928-WA0012-mp4-image.jpg\" src=\"https:\/\/manuelenriquebalon.es\/wp-content\/uploads\/2023\/09\/VID-20230928-WA0012.mp4\" playsinline><\/video><\/figure>\n\n\n\n<figure class=\"wp-block-gallery has-nested-images columns-default is-cropped wp-block-gallery-1 is-layout-flex wp-block-gallery-is-layout-flex\">\n<figure class=\"wp-block-image size-large\"><img loading=\"lazy\" decoding=\"async\" width=\"575\" height=\"1024\" data-id=\"830\" src=\"https:\/\/manuelenriquebalon.es\/wp-content\/uploads\/2023\/10\/entrada-575x1024.jpg\" alt=\"\" class=\"wp-image-830\" srcset=\"https:\/\/manuelenriquebalon.es\/wp-content\/uploads\/2023\/10\/entrada-575x1024.jpg 575w, https:\/\/manuelenriquebalon.es\/wp-content\/uploads\/2023\/10\/entrada-169x300.jpg 169w, https:\/\/manuelenriquebalon.es\/wp-content\/uploads\/2023\/10\/entrada-768x1367.jpg 768w, https:\/\/manuelenriquebalon.es\/wp-content\/uploads\/2023\/10\/entrada-863x1536.jpg 863w, https:\/\/manuelenriquebalon.es\/wp-content\/uploads\/2023\/10\/entrada.jpg 899w\" sizes=\"(max-width: 575px) 100vw, 575px\" \/><\/figure>\n<\/figure>\n\n\n\n<figure class=\"wp-block-video\"><video controls src=\"https:\/\/manuelenriquebalon.es\/wp-content\/uploads\/2023\/10\/WhatsApp-Video-2023-10-19-at-13.30.56.mp4\"><\/video><\/figure>\n\n\n\n<figure class=\"wp-block-image size-large\"><img loading=\"lazy\" decoding=\"async\" width=\"607\" height=\"1024\" src=\"https:\/\/manuelenriquebalon.es\/wp-content\/uploads\/2023\/10\/sicut-607x1024.jpg\" alt=\"\" class=\"wp-image-850\" srcset=\"https:\/\/manuelenriquebalon.es\/wp-content\/uploads\/2023\/10\/sicut-607x1024.jpg 607w, https:\/\/manuelenriquebalon.es\/wp-content\/uploads\/2023\/10\/sicut-178x300.jpg 178w, https:\/\/manuelenriquebalon.es\/wp-content\/uploads\/2023\/10\/sicut-768x1295.jpg 768w, https:\/\/manuelenriquebalon.es\/wp-content\/uploads\/2023\/10\/sicut.jpg 903w\" sizes=\"(max-width: 607px) 100vw, 607px\" \/><\/figure>\n\n\n\n<figure class=\"wp-block-image size-large\"><img loading=\"lazy\" decoding=\"async\" width=\"979\" height=\"1024\" src=\"https:\/\/manuelenriquebalon.es\/wp-content\/uploads\/2023\/10\/domus-979x1024.jpg\" alt=\"\" class=\"wp-image-827\" srcset=\"https:\/\/manuelenriquebalon.es\/wp-content\/uploads\/2023\/10\/domus-979x1024.jpg 979w, https:\/\/manuelenriquebalon.es\/wp-content\/uploads\/2023\/10\/domus-287x300.jpg 287w, https:\/\/manuelenriquebalon.es\/wp-content\/uploads\/2023\/10\/domus-768x803.jpg 768w, https:\/\/manuelenriquebalon.es\/wp-content\/uploads\/2023\/10\/domus.jpg 1179w\" sizes=\"(max-width: 706px) 89vw, (max-width: 767px) 82vw, 740px\" \/><\/figure>\n\n\n<div class=\"wp-block-image\">\n<figure class=\"aligncenter size-large\"><img loading=\"lazy\" decoding=\"async\" width=\"540\" height=\"1024\" src=\"https:\/\/manuelenriquebalon.es\/wp-content\/uploads\/2023\/10\/porta-540x1024.jpg\" alt=\"\" class=\"wp-image-829\" srcset=\"https:\/\/manuelenriquebalon.es\/wp-content\/uploads\/2023\/10\/porta-540x1024.jpg 540w, https:\/\/manuelenriquebalon.es\/wp-content\/uploads\/2023\/10\/porta-158x300.jpg 158w, https:\/\/manuelenriquebalon.es\/wp-content\/uploads\/2023\/10\/porta-768x1458.jpg 768w, https:\/\/manuelenriquebalon.es\/wp-content\/uploads\/2023\/10\/porta-809x1536.jpg 809w, https:\/\/manuelenriquebalon.es\/wp-content\/uploads\/2023\/10\/porta.jpg 843w\" sizes=\"(max-width: 540px) 100vw, 540px\" \/><\/figure><\/div>\n\n\n<figure class=\"wp-block-image size-large\"><img loading=\"lazy\" decoding=\"async\" width=\"1024\" height=\"646\" src=\"https:\/\/manuelenriquebalon.es\/wp-content\/uploads\/2023\/10\/sc-1024x646.jpg\" alt=\"\" class=\"wp-image-828\" srcset=\"https:\/\/manuelenriquebalon.es\/wp-content\/uploads\/2023\/10\/sc-1024x646.jpg 1024w, https:\/\/manuelenriquebalon.es\/wp-content\/uploads\/2023\/10\/sc-300x189.jpg 300w, https:\/\/manuelenriquebalon.es\/wp-content\/uploads\/2023\/10\/sc-768x484.jpg 768w, https:\/\/manuelenriquebalon.es\/wp-content\/uploads\/2023\/10\/sc-1536x969.jpg 1536w, https:\/\/manuelenriquebalon.es\/wp-content\/uploads\/2023\/10\/sc-1320x832.jpg 1320w, https:\/\/manuelenriquebalon.es\/wp-content\/uploads\/2023\/10\/sc.jpg 1600w\" sizes=\"(max-width: 706px) 89vw, (max-width: 767px) 82vw, 740px\" \/><\/figure>\n\n\n<div class=\"wp-block-image\">\n<figure class=\"aligncenter size-full\"><img loading=\"lazy\" decoding=\"async\" width=\"364\" height=\"451\" src=\"https:\/\/manuelenriquebalon.es\/wp-content\/uploads\/2023\/10\/sc-d.jpg\" alt=\"\" class=\"wp-image-826\" srcset=\"https:\/\/manuelenriquebalon.es\/wp-content\/uploads\/2023\/10\/sc-d.jpg 364w, https:\/\/manuelenriquebalon.es\/wp-content\/uploads\/2023\/10\/sc-d-242x300.jpg 242w\" sizes=\"(max-width: 364px) 100vw, 364px\" \/><\/figure><\/div>\n\n\n<figure class=\"wp-block-image size-large\"><img loading=\"lazy\" decoding=\"async\" width=\"1024\" height=\"678\" src=\"https:\/\/manuelenriquebalon.es\/wp-content\/uploads\/2023\/10\/velum-1024x678.jpg\" alt=\"\" class=\"wp-image-834\" srcset=\"https:\/\/manuelenriquebalon.es\/wp-content\/uploads\/2023\/10\/velum-1024x678.jpg 1024w, https:\/\/manuelenriquebalon.es\/wp-content\/uploads\/2023\/10\/velum-300x199.jpg 300w, https:\/\/manuelenriquebalon.es\/wp-content\/uploads\/2023\/10\/velum-768x509.jpg 768w, https:\/\/manuelenriquebalon.es\/wp-content\/uploads\/2023\/10\/velum-1536x1018.jpg 1536w, https:\/\/manuelenriquebalon.es\/wp-content\/uploads\/2023\/10\/velum-1320x875.jpg 1320w, https:\/\/manuelenriquebalon.es\/wp-content\/uploads\/2023\/10\/velum.jpg 1600w\" sizes=\"(max-width: 706px) 89vw, (max-width: 767px) 82vw, 740px\" \/><figcaption class=\"wp-element-caption\">Velum. Acr\u00edlico sobre papel montado sobre tabla. Dos piezas de 70 x 50 cm.<\/figcaption><\/figure>\n\n\n\n<figure class=\"wp-block-image size-large\"><img loading=\"lazy\" decoding=\"async\" width=\"1024\" height=\"1020\" src=\"https:\/\/manuelenriquebalon.es\/wp-content\/uploads\/2023\/10\/cruz-1024x1020.jpg\" alt=\"\" class=\"wp-image-833\" srcset=\"https:\/\/manuelenriquebalon.es\/wp-content\/uploads\/2023\/10\/cruz-1024x1020.jpg 1024w, https:\/\/manuelenriquebalon.es\/wp-content\/uploads\/2023\/10\/cruz-300x300.jpg 300w, https:\/\/manuelenriquebalon.es\/wp-content\/uploads\/2023\/10\/cruz-150x150.jpg 150w, https:\/\/manuelenriquebalon.es\/wp-content\/uploads\/2023\/10\/cruz-768x765.jpg 768w, https:\/\/manuelenriquebalon.es\/wp-content\/uploads\/2023\/10\/cruz-1536x1530.jpg 1536w, https:\/\/manuelenriquebalon.es\/wp-content\/uploads\/2023\/10\/cruz-100x100.jpg 100w, https:\/\/manuelenriquebalon.es\/wp-content\/uploads\/2023\/10\/cruz-1320x1315.jpg 1320w, https:\/\/manuelenriquebalon.es\/wp-content\/uploads\/2023\/10\/cruz.jpg 1600w\" sizes=\"(max-width: 706px) 89vw, (max-width: 767px) 82vw, 740px\" \/><figcaption class=\"wp-element-caption\">Velum. Acr\u00edlico sobre tela. Dos piezas de 60 x 60 cm.<\/figcaption><\/figure>\n\n\n\n<figure class=\"wp-block-image size-large\"><img loading=\"lazy\" decoding=\"async\" width=\"1024\" height=\"519\" src=\"https:\/\/manuelenriquebalon.es\/wp-content\/uploads\/2023\/10\/clara-luz-1024x519.jpg\" alt=\"\" class=\"wp-image-831\" srcset=\"https:\/\/manuelenriquebalon.es\/wp-content\/uploads\/2023\/10\/clara-luz-1024x519.jpg 1024w, https:\/\/manuelenriquebalon.es\/wp-content\/uploads\/2023\/10\/clara-luz-300x152.jpg 300w, https:\/\/manuelenriquebalon.es\/wp-content\/uploads\/2023\/10\/clara-luz-768x389.jpg 768w, https:\/\/manuelenriquebalon.es\/wp-content\/uploads\/2023\/10\/clara-luz-1536x779.jpg 1536w, https:\/\/manuelenriquebalon.es\/wp-content\/uploads\/2023\/10\/clara-luz-1320x669.jpg 1320w, https:\/\/manuelenriquebalon.es\/wp-content\/uploads\/2023\/10\/clara-luz.jpg 1600w\" sizes=\"(max-width: 706px) 89vw, (max-width: 767px) 82vw, 740px\" \/><figcaption class=\"wp-element-caption\">Clara luz. Acr\u00edlico \/ papel vegetal. 46 x 46 cm. <\/figcaption><\/figure>\n\n\n\n<figure class=\"wp-block-video\"><video controls src=\"https:\/\/manuelenriquebalon.es\/wp-content\/uploads\/2023\/10\/WhatsApp-Video-2023-10-07-at-10.40.37.mp4\"><\/video><\/figure>\n\n\n\n<figure class=\"wp-block-video\"><video controls src=\"https:\/\/manuelenriquebalon.es\/wp-content\/uploads\/2023\/10\/WhatsApp-Video-2023-10-07-at-10.40.11.mp4\"><\/video><\/figure>\n","protected":false},"excerpt":{"rendered":"<p>El blanco como concepto &nbsp;Carmen&nbsp;Ruiz&nbsp;G\u00e1lvez&nbsp;&nbsp;<\/p>\n","protected":false},"author":1,"featured_media":0,"parent":0,"menu_order":0,"comment_status":"closed","ping_status":"closed","template":"","meta":{"footnotes":""},"class_list":["post-816","page","type-page","status-publish","hentry"],"yoast_head":"<!-- This site is optimized with the Yoast SEO plugin v24.1 - https:\/\/yoast.com\/wordpress\/plugins\/seo\/ -->\n<title>ALBA - Manuel Enrique Bal\u00f3n Villar<\/title>\n<meta name=\"robots\" content=\"index, follow, max-snippet:-1, max-image-preview:large, max-video-preview:-1\" \/>\n<link rel=\"canonical\" href=\"https:\/\/manuelenriquebalon.es\/index.php\/alba\/\" \/>\n<meta property=\"og:locale\" content=\"es_ES\" \/>\n<meta property=\"og:type\" content=\"article\" \/>\n<meta property=\"og:title\" content=\"ALBA - Manuel Enrique Bal\u00f3n Villar\" \/>\n<meta property=\"og:description\" content=\"El blanco como concepto &nbsp;Carmen&nbsp;Ruiz&nbsp;G\u00e1lvez&nbsp;&nbsp;\" \/>\n<meta property=\"og:url\" content=\"https:\/\/manuelenriquebalon.es\/index.php\/alba\/\" \/>\n<meta property=\"og:site_name\" content=\"Manuel Enrique Bal\u00f3n Villar\" \/>\n<meta property=\"article:modified_time\" content=\"2024-07-29T22:54:49+00:00\" \/>\n<meta property=\"og:image\" content=\"https:\/\/manuelenriquebalon.es\/wp-content\/uploads\/2023\/09\/IMG-20230924-WA0003-878x1024.jpg\" \/>\n<meta name=\"twitter:card\" content=\"summary_large_image\" \/>\n<meta name=\"twitter:label1\" content=\"Tiempo de lectura\" \/>\n\t<meta name=\"twitter:data1\" content=\"4 minutos\" \/>\n<script type=\"application\/ld+json\" class=\"yoast-schema-graph\">{\"@context\":\"https:\/\/schema.org\",\"@graph\":[{\"@type\":\"WebPage\",\"@id\":\"https:\/\/manuelenriquebalon.es\/index.php\/alba\/\",\"url\":\"https:\/\/manuelenriquebalon.es\/index.php\/alba\/\",\"name\":\"ALBA - Manuel Enrique Bal\u00f3n Villar\",\"isPartOf\":{\"@id\":\"https:\/\/manuelenriquebalon.es\/#website\"},\"primaryImageOfPage\":{\"@id\":\"https:\/\/manuelenriquebalon.es\/index.php\/alba\/#primaryimage\"},\"image\":{\"@id\":\"https:\/\/manuelenriquebalon.es\/index.php\/alba\/#primaryimage\"},\"thumbnailUrl\":\"https:\/\/manuelenriquebalon.es\/wp-content\/uploads\/2023\/09\/IMG-20230924-WA0003-878x1024.jpg\",\"datePublished\":\"2023-09-28T16:36:23+00:00\",\"dateModified\":\"2024-07-29T22:54:49+00:00\",\"breadcrumb\":{\"@id\":\"https:\/\/manuelenriquebalon.es\/index.php\/alba\/#breadcrumb\"},\"inLanguage\":\"es\",\"potentialAction\":[{\"@type\":\"ReadAction\",\"target\":[\"https:\/\/manuelenriquebalon.es\/index.php\/alba\/\"]}]},{\"@type\":\"ImageObject\",\"inLanguage\":\"es\",\"@id\":\"https:\/\/manuelenriquebalon.es\/index.php\/alba\/#primaryimage\",\"url\":\"https:\/\/manuelenriquebalon.es\/wp-content\/uploads\/2023\/09\/IMG-20230924-WA0003.jpg\",\"contentUrl\":\"https:\/\/manuelenriquebalon.es\/wp-content\/uploads\/2023\/09\/IMG-20230924-WA0003.jpg\",\"width\":1372,\"height\":1600},{\"@type\":\"BreadcrumbList\",\"@id\":\"https:\/\/manuelenriquebalon.es\/index.php\/alba\/#breadcrumb\",\"itemListElement\":[{\"@type\":\"ListItem\",\"position\":1,\"name\":\"Home\",\"item\":\"https:\/\/manuelenriquebalon.es\/\"},{\"@type\":\"ListItem\",\"position\":2,\"name\":\"ALBA\"}]},{\"@type\":\"WebSite\",\"@id\":\"https:\/\/manuelenriquebalon.es\/#website\",\"url\":\"https:\/\/manuelenriquebalon.es\/\",\"name\":\"Manuel Enrique Bal\u00f3n Villar\",\"description\":\"Sevilla\",\"potentialAction\":[{\"@type\":\"SearchAction\",\"target\":{\"@type\":\"EntryPoint\",\"urlTemplate\":\"https:\/\/manuelenriquebalon.es\/?s={search_term_string}\"},\"query-input\":{\"@type\":\"PropertyValueSpecification\",\"valueRequired\":true,\"valueName\":\"search_term_string\"}}],\"inLanguage\":\"es\"}]}<\/script>\n<!-- \/ Yoast SEO plugin. -->","yoast_head_json":{"title":"ALBA - Manuel Enrique Bal\u00f3n Villar","robots":{"index":"index","follow":"follow","max-snippet":"max-snippet:-1","max-image-preview":"max-image-preview:large","max-video-preview":"max-video-preview:-1"},"canonical":"https:\/\/manuelenriquebalon.es\/index.php\/alba\/","og_locale":"es_ES","og_type":"article","og_title":"ALBA - Manuel Enrique Bal\u00f3n Villar","og_description":"El blanco como concepto &nbsp;Carmen&nbsp;Ruiz&nbsp;G\u00e1lvez&nbsp;&nbsp;","og_url":"https:\/\/manuelenriquebalon.es\/index.php\/alba\/","og_site_name":"Manuel Enrique Bal\u00f3n Villar","article_modified_time":"2024-07-29T22:54:49+00:00","og_image":[{"url":"https:\/\/manuelenriquebalon.es\/wp-content\/uploads\/2023\/09\/IMG-20230924-WA0003-878x1024.jpg","type":"","width":"","height":""}],"twitter_card":"summary_large_image","twitter_misc":{"Tiempo de lectura":"4 minutos"},"schema":{"@context":"https:\/\/schema.org","@graph":[{"@type":"WebPage","@id":"https:\/\/manuelenriquebalon.es\/index.php\/alba\/","url":"https:\/\/manuelenriquebalon.es\/index.php\/alba\/","name":"ALBA - Manuel Enrique Bal\u00f3n Villar","isPartOf":{"@id":"https:\/\/manuelenriquebalon.es\/#website"},"primaryImageOfPage":{"@id":"https:\/\/manuelenriquebalon.es\/index.php\/alba\/#primaryimage"},"image":{"@id":"https:\/\/manuelenriquebalon.es\/index.php\/alba\/#primaryimage"},"thumbnailUrl":"https:\/\/manuelenriquebalon.es\/wp-content\/uploads\/2023\/09\/IMG-20230924-WA0003-878x1024.jpg","datePublished":"2023-09-28T16:36:23+00:00","dateModified":"2024-07-29T22:54:49+00:00","breadcrumb":{"@id":"https:\/\/manuelenriquebalon.es\/index.php\/alba\/#breadcrumb"},"inLanguage":"es","potentialAction":[{"@type":"ReadAction","target":["https:\/\/manuelenriquebalon.es\/index.php\/alba\/"]}]},{"@type":"ImageObject","inLanguage":"es","@id":"https:\/\/manuelenriquebalon.es\/index.php\/alba\/#primaryimage","url":"https:\/\/manuelenriquebalon.es\/wp-content\/uploads\/2023\/09\/IMG-20230924-WA0003.jpg","contentUrl":"https:\/\/manuelenriquebalon.es\/wp-content\/uploads\/2023\/09\/IMG-20230924-WA0003.jpg","width":1372,"height":1600},{"@type":"BreadcrumbList","@id":"https:\/\/manuelenriquebalon.es\/index.php\/alba\/#breadcrumb","itemListElement":[{"@type":"ListItem","position":1,"name":"Home","item":"https:\/\/manuelenriquebalon.es\/"},{"@type":"ListItem","position":2,"name":"ALBA"}]},{"@type":"WebSite","@id":"https:\/\/manuelenriquebalon.es\/#website","url":"https:\/\/manuelenriquebalon.es\/","name":"Manuel Enrique Bal\u00f3n Villar","description":"Sevilla","potentialAction":[{"@type":"SearchAction","target":{"@type":"EntryPoint","urlTemplate":"https:\/\/manuelenriquebalon.es\/?s={search_term_string}"},"query-input":{"@type":"PropertyValueSpecification","valueRequired":true,"valueName":"search_term_string"}}],"inLanguage":"es"}]}},"jetpack_sharing_enabled":true,"_links":{"self":[{"href":"https:\/\/manuelenriquebalon.es\/index.php\/wp-json\/wp\/v2\/pages\/816"}],"collection":[{"href":"https:\/\/manuelenriquebalon.es\/index.php\/wp-json\/wp\/v2\/pages"}],"about":[{"href":"https:\/\/manuelenriquebalon.es\/index.php\/wp-json\/wp\/v2\/types\/page"}],"author":[{"embeddable":true,"href":"https:\/\/manuelenriquebalon.es\/index.php\/wp-json\/wp\/v2\/users\/1"}],"replies":[{"embeddable":true,"href":"https:\/\/manuelenriquebalon.es\/index.php\/wp-json\/wp\/v2\/comments?post=816"}],"version-history":[{"count":13,"href":"https:\/\/manuelenriquebalon.es\/index.php\/wp-json\/wp\/v2\/pages\/816\/revisions"}],"predecessor-version":[{"id":2114,"href":"https:\/\/manuelenriquebalon.es\/index.php\/wp-json\/wp\/v2\/pages\/816\/revisions\/2114"}],"wp:attachment":[{"href":"https:\/\/manuelenriquebalon.es\/index.php\/wp-json\/wp\/v2\/media?parent=816"}],"curies":[{"name":"wp","href":"https:\/\/api.w.org\/{rel}","templated":true}]}}